{"id":60,"date":"2025-06-05T15:49:07","date_gmt":"2025-06-05T15:49:07","guid":{"rendered":"https:\/\/vestung.de\/?page_id=60"},"modified":"2025-06-05T15:49:39","modified_gmt":"2025-06-05T15:49:39","slug":"datenschutzerklaerung","status":"publish","type":"page","link":"https:\/\/vestung.de\/?page_id=60","title":{"rendered":"Datenschutzerkl\u00e4rung"},"content":{"rendered":"<h2 id=\"i.a-name-und-anschrift-des-verantwortlichen\">I.a Name und Anschrift des Verantwortlichen<\/h2>\n<p>Verantwortliche im Sinne der Datenschutz-Grundverordnung und anderer nationaler Datenschutzgesetze der Mitgliedsstaaten sowie sonstiger datenschutzrechtlicher Bestimmungen ist:<\/p>\n<p>Die Vestung<\/p>\n<p>E-Mail: vestung[\u00e4tt]riseup.net<br \/>Website: vestung.de<\/p>\n<h2 id=\"i.b-name-und-anschrift-des-datenschutzbeauftragten\">I.b Name und Anschrift des Datenschutzbeauftragten<\/h2>\n<p>Die Datenschutzbeauftragte des Verantwortlichen ist:<\/p>\n<p>E-Mail: vestung[\u00e4tt]riseup.net<\/p>\n<h2 id=\"ii.-bereitstellung-der-website-und-erstellung-von-logfiles\">II. Bereitstellung der Website und Erstellung von Logfiles<\/h2>\n<h3 id=\"beschreibung-und-umfang-der-datenverarbeitung\">1. Beschreibung und Umfang der Datenverarbeitung<\/h3>\n<p>Bei jedem Aufruf unserer Internetseite erfasst unser System automatisiert Daten und Informationen vom Computersystem des aufrufenden Rechners.<\/p>\n<p>Folgende Daten werden hierbei erhoben:<\/p>\n<ul>\n<li>Informationen \u00fcber den Browsertyp und die verwendete Version<\/li>\n<li>Das Betriebssystem des Nutzers<\/li>\n<li>Den Internet-Service-Provider des Nutzers<\/li>\n<li>Die IP-Adresse des Nutzers (diese wird unmittelbar bei der Erfassung anonymisiert)<\/li>\n<li>Datum und Uhrzeit des Zugriffs<\/li>\n<li>Websites, von denen das System des Nutzers auf unsere Internetseite gelangt<\/li>\n<li>Websites, die vom System des Nutzers \u00fcber unsere Website aufgerufen werden<\/li>\n<\/ul>\n<p>Die Daten werden ebenfalls in den Logfiles unseres Systems gespeichert. Eine Speicherung dieser Daten zusammen mit anderen personenbezogenen Daten des Nutzers findet nicht statt.<\/p>\n<h3 id=\"rechtsgrundlage-f\u00fcr-die-datenverarbeitung\">2. Rechtsgrundlage f\u00fcr die Datenverarbeitung<\/h3>\n<p>Rechtsgrundlage f\u00fcr die vor\u00fcbergehende Speicherung der Daten und der Logfiles ist Art.\u00a06 Abs.\u00a01 lit.\u00a0f) DSGVO.<\/p>\n<h3 id=\"zweck-der-datenverarbeitung\">3. Zweck der Datenverarbeitung<\/h3>\n<p>Die vor\u00fcbergehende Speicherung der IP-Adresse durch das System ist notwendig, um eine Auslieferung der Website an den Rechner des Nutzers zu erm\u00f6glichen. Hierf\u00fcr muss die IP-Adresse des Nutzers f\u00fcr die Dauer der Sitzung gespeichert bleiben.<\/p>\n<p>Die Speicherung in Logfiles erfolgt, um die Funktionsf\u00e4higkeit der Website sicherzustellen. Zudem dienen uns die Daten zur Optimierung der Website und zur Sicherstellung der Sicherheit unserer informationstechnischen Systeme. Eine Auswertung der Daten zu Marketingzwecken findet in diesem Zusammenhang nicht statt.<\/p>\n<p>In diesen Zwecken liegt auch unser berechtigtes Interesse an der Datenverarbeitung nach Art.\u00a06 Abs.\u00a01 lit.\u00a0f) DSGVO.<\/p>\n<h3 id=\"dauer-der-speicherung\">4. Dauer der Speicherung<\/h3>\n<p>Die Daten werden gel\u00f6scht, sobald sie f\u00fcr die Erreichung des Zweckes ihrer Erhebung nicht mehr erforderlich sind. Im Falle der Erfassung der Daten zur Bereitstellung der Website ist dies der Fall, wenn die jeweilige Sitzung beendet ist.<\/p>\n<p>Im Falle der Speicherung der Daten in Logfiles ist dies nach sp\u00e4testens 30 Tagen der Fall. Eine dar\u00fcber hinausgehende Speicherung ist m\u00f6glich. Bereits beim Erfassen in den Logfiles werden die IP-Adressen verfremdet (das letzte Oktett der Adresse wird anonymisiert), sodass eine Zuordnung des aufrufenden Clients nicht mehr m\u00f6glich ist.<\/p>\n<h2 id=\"vii.-kontaktformular-und-e-mail-kontakt\">III. E-Mail-Kontakt<\/h2>\n<h3 id=\"beschreibung-und-umfang-der-datenverarbeitung-2\">1. Beschreibung und Umfang der Datenverarbeitung<\/h3>\n<p>Es ist eine Kontaktaufnahme \u00fcber die bereitgestellte E-Mail-Adresse m\u00f6glich. In diesem Fall werden die mit der E-Mail \u00fcbermittelten personenbezogenen Daten des Nutzers gespeichert.<\/p>\n<p>Es erfolgt in diesem Zusammenhang keine Weitergabe der Daten an Dritte. Die Daten werden ausschlie\u00dflich f\u00fcr die Verarbeitung der Konversation verwendet.<\/p>\n<h3 id=\"rechtsgrundlage-f\u00fcr-die-datenverarbeitung-2\">2. Rechtsgrundlage f\u00fcr die Datenverarbeitung<\/h3>\n<p>Rechtsgrundlage f\u00fcr die Verarbeitung der Daten, die im Zuge einer \u00dcbersendung einer E-Mail \u00fcbermittelt werden, ist Art.\u00a06 Abs.\u00a01 lit.\u00a0f) DSGVO. Zielt der E-Mail-Kontakt auf den Abschluss eines Vertrages ab, so ist zus\u00e4tzliche Rechtsgrundlage f\u00fcr die Verarbeitung Art.\u00a06 Abs.\u00a01 lit.\u00a0b) DSGVO.<\/p>\n<h3 id=\"zweck-der-datenverarbeitung-2\">3. Zweck der Datenverarbeitung<\/h3>\n<p>Die Verarbeitung der personenbezogenen Daten dient uns allein zur Bearbeitung der Kontaktaufnahme. Im Falle einer Kontaktaufnahme per E-Mail liegt hieran auch das erforderliche berechtigte Interesse an der Verarbeitung der Daten.<\/p>\n<h3 id=\"dauer-der-speicherung-3\">4. Dauer der Speicherung<\/h3>\n<p>Die Daten werden gel\u00f6scht, sobald sie f\u00fcr die Erreichung des Zweckes ihrer Erhebung nicht mehr erforderlich sind. F\u00fcr die personenbezogenen Daten, die per E-Mail \u00fcbersandt wurden, ist dies dann der Fall, wenn die jeweilige Konversation mit dem Nutzer beendet ist. Beendet ist die Konversation dann, wenn sich aus den Umst\u00e4nden entnehmen l\u00e4sst, dass der betroffene Sachverhalt abschlie\u00dfend gekl\u00e4rt ist.<\/p>\n<h3 id=\"widerspruchsm\u00f6glichkeit\">5. Widerspruchsm\u00f6glichkeit<\/h3>\n<p>Sie haben jederzeit die M\u00f6glichkeit der Datenverarbeitung zu widersprechen.<\/p>\n<p>Der Widerspruch ist zu richten an vestung[\u00e4tt]riseup.net<\/p>\n<p>Alle personenbezogenen Daten, die im Zuge der Kontaktaufnahme gespeichert wurden, werden in diesem Fall gel\u00f6scht.<\/p>\n<h3 id=\"viii.-rechte-des-betroffenen\">IV. Rechte des Betroffenen<\/h3>\n<p>Werden personenbezogene Daten von Ihnen verarbeitet, sind Sie Betroffener i.S.d. DSGVO und es stehen Ihnen folgende Rechte gegen\u00fcber dem Verantwortlichen zu:<\/p>\n<ul>\n<li>Auskunftsrecht<\/li>\n<li>Recht auf Berichtigung<\/li>\n<li>Recht auf Einschr\u00e4nkung der Verarbeitung<\/li>\n<li>Recht auf L\u00f6schung<\/li>\n<li>Recht auf Unterrichtung<\/li>\n<li>Recht auf Daten\u00fcbertragbarkeit<\/li>\n<li>Widerspruchsrecht<\/li>\n<li>Recht auf Widerruf der datenschutzrechtlichen Einwilligungserkl\u00e4rung<\/li>\n<\/ul>\n<p>Sie haben das Recht, Ihre datenschutzrechtliche Einwilligungserkl\u00e4rung jederzeit zu widerrufen. Durch den Widerruf der Einwilligung wird die Rechtm\u00e4\u00dfigkeit der aufgrund der Einwilligung bis zum Widerruf erfolgten Verarbeitung nicht ber\u00fchrt.<\/p>\n<h2 id=\"ix.-recht-auf-beschwerde-bei-einer-aufsichtsbeh\u00f6rde\">V. Recht auf Beschwerde bei einer Aufsichtsbeh\u00f6rde<\/h2>\n<p>Unbeschadet eines anderweitigen verwaltungsrechtlichen oder gerichtlichen Rechtsbehelfs steht Ihnen das Recht auf Beschwerde bei einer Aufsichtsbeh\u00f6rde, insbesondere in dem Mitgliedstaat ihres Aufenthaltsorts, ihres Arbeitsplatzes oder des Orts des mutma\u00dflichen Versto\u00dfes, zu, wenn Sie der Ansicht sind, dass die Verarbeitung der Sie betreffenden personenbezogenen Daten gegen die DSGVO verst\u00f6\u00dft.<\/p>\n<p>Die Aufsichtsbeh\u00f6rde, bei der die Beschwerde eingereicht wurde, unterrichtet den Beschwerdef\u00fchrer \u00fcber den Stand und die Ergebnisse der Beschwerde einschlie\u00dflich der M\u00f6glichkeit eines gerichtlichen Rechtsbehelfs nach Art.\u00a078 DSGVO.<\/p>\n<h2>Support<\/h2>\n<p>Supportanfragen richten Sie bitte\u00a0<em>per E-Mail<\/em> unter Angabe des technischen Problems an <a>armin[\u00e4tt]syndikat.org<\/a><\/p>\n","protected":false},"excerpt":{"rendered":"<p>I.a Name und Anschrift des Verantwortlichen Verantwortliche im Sinne der Datenschutz-Grundverordnung und anderer nationaler Datenschutzgesetze der Mitgliedsstaaten sowie sonstiger datenschutzrechtlicher Bestimmungen ist: Die Vestung E-Mail: vestung[\u00e4tt]riseup.netWebsite: vestung.de I.b Name und Anschrift des Datenschutzbeauftragten Die Datenschutzbeauftragte des Verantwortlichen ist: E-Mail: vestung[\u00e4tt]riseup.net II. Bereitstellung der Website und Erstellung von Logfiles 1. Beschreibung und Umfang der Datenverarbeitung Bei [&hellip;]<\/p>\n","protected":false},"author":1,"featured_media":0,"parent":0,"menu_order":0,"comment_status":"closed","ping_status":"closed","template":"","meta":{"footnotes":""},"class_list":["post-60","page","type-page","status-publish","hentry"],"_links":{"self":[{"href":"https:\/\/vestung.de\/index.php?rest_route=\/wp\/v2\/pages\/60","targetHints":{"allow":["GET"]}}],"collection":[{"href":"https:\/\/vestung.de\/index.php?rest_route=\/wp\/v2\/pages"}],"about":[{"href":"https:\/\/vestung.de\/index.php?rest_route=\/wp\/v2\/types\/page"}],"author":[{"embeddable":true,"href":"https:\/\/vestung.de\/index.php?rest_route=\/wp\/v2\/users\/1"}],"replies":[{"embeddable":true,"href":"https:\/\/vestung.de\/index.php?rest_route=%2Fwp%2Fv2%2Fcomments&post=60"}],"version-history":[{"count":4,"href":"https:\/\/vestung.de\/index.php?rest_route=\/wp\/v2\/pages\/60\/revisions"}],"predecessor-version":[{"id":64,"href":"https:\/\/vestung.de\/index.php?rest_route=\/wp\/v2\/pages\/60\/revisions\/64"}],"wp:attachment":[{"href":"https:\/\/vestung.de\/index.php?rest_route=%2Fwp%2Fv2%2Fmedia&parent=60"}],"curies":[{"name":"wp","href":"https:\/\/api.w.org\/{rel}","templated":true}]}}